{"id":3872,"date":"2025-10-23T11:42:28","date_gmt":"2025-10-23T09:42:28","guid":{"rendered":"https:\/\/troponoova.com\/project-inquiry\/"},"modified":"2026-04-16T13:35:01","modified_gmt":"2026-04-16T11:35:01","slug":"project-inquiry","status":"publish","type":"page","link":"https:\/\/troponoova.com\/en\/project-inquiry\/","title":{"rendered":"Project inquiry"},"content":{"rendered":"\t\t<div data-elementor-type=\"wp-page\" data-elementor-id=\"3872\" class=\"elementor elementor-3872 elementor-1992\" data-elementor-post-type=\"page\">\n\t\t\t\t<div class=\"elementor-element elementor-element-aeafbfa e-flex e-con-boxed e-con e-parent\" data-id=\"aeafbfa\" data-element_type=\"container\" data-e-type=\"container\">\n\t\t\t\t\t<div class=\"e-con-inner\">\n\t\t\t\t<div class=\"elementor-element elementor-element-80c355f elementor-widget elementor-widget-heading\" data-id=\"80c355f\" data-element_type=\"widget\" data-e-type=\"widget\" data-widget_type=\"heading.default\">\n\t\t\t\t<div class=\"elementor-widget-container\">\n\t\t\t\t\t<h1 class=\"elementor-heading-title elementor-size-default\">Project inquiry<\/h1>\t\t\t\t<\/div>\n\t\t\t\t<\/div>\n\t\t\t\t<div class=\"elementor-element elementor-element-1cb6266 elementor-widget elementor-widget-heading\" data-id=\"1cb6266\" data-element_type=\"widget\" data-e-type=\"widget\" data-widget_type=\"heading.default\">\n\t\t\t\t<div class=\"elementor-widget-container\">\n\t\t\t\t\t<h2 class=\"elementor-heading-title elementor-size-default\">Premium brand development &amp; digital aesthetics.<\/h2>\t\t\t\t<\/div>\n\t\t\t\t<\/div>\n\t\t\t\t<div class=\"elementor-element elementor-element-3b8ce5f5 elementor-widget elementor-widget-text-editor\" data-id=\"3b8ce5f5\" data-element_type=\"widget\" data-e-type=\"widget\" data-widget_type=\"text-editor.default\">\n\t\t\t\t<div class=\"elementor-widget-container\">\n\t\t\t\t\t\t\t\t\t<p>We welcome inquiries for brand identities, websites and premium projects.<br>Please provide a few brief details. We will get back to you shortly to discuss the next steps. <\/p>\t\t\t\t\t\t\t\t<\/div>\n\t\t\t\t<\/div>\n\t\t\t\t<div class=\"elementor-element elementor-element-2b0e1f7 elementor-widget elementor-widget-heading\" data-id=\"2b0e1f7\" data-element_type=\"widget\" data-e-type=\"widget\" data-widget_type=\"heading.default\">\n\t\t\t\t<div class=\"elementor-widget-container\">\n\t\t\t\t\t<h2 class=\"elementor-heading-title elementor-size-default\">Start a project<\/h2>\t\t\t\t<\/div>\n\t\t\t\t<\/div>\n\t\t\t\t<div class=\"elementor-element elementor-element-87b7ad5 elementor-button-align-stretch elementor-widget elementor-widget-form\" data-id=\"87b7ad5\" data-element_type=\"widget\" data-e-type=\"widget\" data-settings=\"{&quot;step_next_label&quot;:&quot;Next&quot;,&quot;step_previous_label&quot;:&quot;Previous&quot;,&quot;button_width&quot;:&quot;100&quot;,&quot;step_type&quot;:&quot;number_text&quot;,&quot;step_icon_shape&quot;:&quot;circle&quot;}\" data-widget_type=\"form.default\">\n\t\t\t\t<div class=\"elementor-widget-container\">\n\t\t\t\t\t\t\t<form class=\"elementor-form\" method=\"post\" name=\"Start a project.\" aria-label=\"Start a project.\">\n\t\t\t<input type=\"hidden\" name=\"post_id\" value=\"3872\"\/>\n\t\t\t<input type=\"hidden\" name=\"form_id\" value=\"87b7ad5\"\/>\n\t\t\t<input type=\"hidden\" name=\"referer_title\" value=\"Project Inquiry \u2013 Branding &amp; Web Design | TropoNoova Munich\" \/>\n\n\t\t\t\t\t\t\t<input type=\"hidden\" name=\"queried_id\" value=\"3872\"\/>\n\t\t\t\n\t\t\t<div class=\"elementor-form-fields-wrapper elementor-labels-above\">\n\t\t\t\t\t\t\t\t<div class=\"elementor-field-type-text elementor-field-group elementor-column elementor-field-group-name elementor-col-100 elementor-field-required\">\n\t\t\t\t\t\t\t\t\t\t\t\t<label for=\"form-field-name\" class=\"elementor-field-label\">\n\t\t\t\t\t\t\t\tName*\t\t\t\t\t\t\t<\/label>\n\t\t\t\t\t\t\t\t\t\t\t\t\t\t<input size=\"1\" type=\"text\" name=\"form_fields[name]\" id=\"form-field-name\" class=\"elementor-field elementor-size-sm  elementor-field-textual\" placeholder=\"Your name\" required=\"required\">\n\t\t\t\t\t\t\t\t\t\t\t<\/div>\n\t\t\t\t\t\t\t\t<div class=\"elementor-field-type-text elementor-field-group elementor-column elementor-field-group-field_9450252 elementor-col-100\">\n\t\t\t\t\t\t\t\t\t\t\t\t<label for=\"form-field-field_9450252\" class=\"elementor-field-label\">\n\t\t\t\t\t\t\t\tCompany \/ Brand*\t\t\t\t\t\t\t<\/label>\n\t\t\t\t\t\t\t\t\t\t\t\t\t\t<input size=\"1\" type=\"text\" name=\"form_fields[field_9450252]\" id=\"form-field-field_9450252\" class=\"elementor-field elementor-size-sm  elementor-field-textual\" placeholder=\"Company \/ brand\">\n\t\t\t\t\t\t\t\t\t\t\t<\/div>\n\t\t\t\t\t\t\t\t<div class=\"elementor-field-type-email elementor-field-group elementor-column elementor-field-group-email elementor-col-100 elementor-field-required\">\n\t\t\t\t\t\t\t\t\t\t\t\t<label for=\"form-field-email\" class=\"elementor-field-label\">\n\t\t\t\t\t\t\t\tEmail*\t\t\t\t\t\t\t<\/label>\n\t\t\t\t\t\t\t\t\t\t\t\t\t\t<input size=\"1\" type=\"email\" name=\"form_fields[email]\" id=\"form-field-email\" class=\"elementor-field elementor-size-sm  elementor-field-textual\" placeholder=\"Email\" required=\"required\">\n\t\t\t\t\t\t\t\t\t\t\t<\/div>\n\t\t\t\t\t\t\t\t<div class=\"elementor-field-type-select elementor-field-group elementor-column elementor-field-group-field_977488d elementor-col-100\">\n\t\t\t\t\t\t\t\t\t\t\t\t<label for=\"form-field-field_977488d\" class=\"elementor-field-label\">\n\t\t\t\t\t\t\t\tProject type\t\t\t\t\t\t\t<\/label>\n\t\t\t\t\t\t\t\t<div class=\"elementor-field elementor-select-wrapper remove-before \">\n\t\t\t<div class=\"select-caret-down-wrapper\">\n\t\t\t\t<svg aria-hidden=\"true\" class=\"e-font-icon-svg e-eicon-caret-down\" viewBox=\"0 0 571.4 571.4\" xmlns=\"http:\/\/www.w3.org\/2000\/svg\"><path d=\"M571 393Q571 407 561 418L311 668Q300 679 286 679T261 668L11 418Q0 407 0 393T11 368 36 357H536Q550 357 561 368T571 393Z\"><\/path><\/svg>\t\t\t<\/div>\n\t\t\t<select name=\"form_fields[field_977488d]\" id=\"form-field-field_977488d\" class=\"elementor-field-textual elementor-size-sm\">\n\t\t\t\t\t\t\t\t\t<option value=\"Brand development\">Brand development<\/option>\n\t\t\t\t\t\t\t\t\t<option value=\"Website \/ UX\">Website \/ UX<\/option>\n\t\t\t\t\t\t\t\t\t<option value=\"Brand aesthetics &amp; visual language\">Brand aesthetics &amp; visual language<\/option>\n\t\t\t\t\t\t\t\t\t<option value=\"Visual execution \/ print\">Visual execution \/ print<\/option>\n\t\t\t\t\t\t\t\t\t<option value=\"Combined project\">Combined project<\/option>\n\t\t\t\t\t\t\t\t\t<option value=\"Other\">Other<\/option>\n\t\t\t\t\t\t\t<\/select>\n\t\t<\/div>\n\t\t\t\t\t\t<\/div>\n\t\t\t\t\t\t\t\t<div class=\"elementor-field-type-textarea elementor-field-group elementor-column elementor-field-group-message elementor-col-100\">\n\t\t\t\t\t\t\t\t\t\t\t\t<label for=\"form-field-message\" class=\"elementor-field-label\">\n\t\t\t\t\t\t\t\tProject description\t\t\t\t\t\t\t<\/label>\n\t\t\t\t\t\t<textarea class=\"elementor-field-textual elementor-field  elementor-size-sm\" name=\"form_fields[message]\" id=\"form-field-message\" rows=\"4\" placeholder=\"Project description\u2026\"><\/textarea>\t\t\t\t<\/div>\n\t\t\t\t\t\t\t\t<div class=\"elementor-field-type-select elementor-field-group elementor-column elementor-field-group-field_456a832 elementor-col-100\">\n\t\t\t\t\t\t\t\t\t\t\t\t<label for=\"form-field-field_456a832\" class=\"elementor-field-label\">\n\t\t\t\t\t\t\t\tBudget range\t\t\t\t\t\t\t<\/label>\n\t\t\t\t\t\t\t\t<div class=\"elementor-field elementor-select-wrapper remove-before \">\n\t\t\t<div class=\"select-caret-down-wrapper\">\n\t\t\t\t<svg aria-hidden=\"true\" class=\"e-font-icon-svg e-eicon-caret-down\" viewBox=\"0 0 571.4 571.4\" xmlns=\"http:\/\/www.w3.org\/2000\/svg\"><path d=\"M571 393Q571 407 561 418L311 668Q300 679 286 679T261 668L11 418Q0 407 0 393T11 368 36 357H536Q550 357 561 368T571 393Z\"><\/path><\/svg>\t\t\t<\/div>\n\t\t\t<select name=\"form_fields[field_456a832]\" id=\"form-field-field_456a832\" class=\"elementor-field-textual elementor-size-sm\">\n\t\t\t\t\t\t\t\t\t<option value=\"up to \u20ac10,000\">up to \u20ac10,000<\/option>\n\t\t\t\t\t\t\t\t\t<option value=\"\u20ac10,000\u201320,000\">\u20ac10,000\u201320,000<\/option>\n\t\t\t\t\t\t\t\t\t<option value=\"\u20ac20,000\u201340,000\">\u20ac20,000\u201340,000<\/option>\n\t\t\t\t\t\t\t\t\t<option value=\"over \u20ac40,000\">over \u20ac40,000<\/option>\n\t\t\t\t\t\t\t\t\t<option value=\"not yet defined\">not yet defined<\/option>\n\t\t\t\t\t\t\t<\/select>\n\t\t<\/div>\n\t\t\t\t\t\t<\/div>\n\t\t\t\t\t\t\t\t<div class=\"elementor-field-type-text elementor-field-group elementor-column elementor-field-group-field_57ac11d elementor-col-100\">\n\t\t\t\t\t\t\t\t\t\t\t\t<label for=\"form-field-field_57ac11d\" class=\"elementor-field-label\">\n\t\t\t\t\t\t\t\tPreferred start date\t\t\t\t\t\t\t<\/label>\n\t\t\t\t\t\t\t\t\t\t\t\t\t\t<input size=\"1\" type=\"text\" name=\"form_fields[field_57ac11d]\" id=\"form-field-field_57ac11d\" class=\"elementor-field elementor-size-sm  elementor-field-textual\" placeholder=\"Preferred start date\">\n\t\t\t\t\t\t\t\t\t\t\t<\/div>\n\t\t\t\t\t\t\t\t<div class=\"elementor-field-type-hcaptcha elementor-field-group elementor-column elementor-field-group-field_5c3ef5d elementor-col-100\">\n\t\t\t\t\t<div class=\"elementor-field\" id=\"form-field-field_5c3ef5d\"><div class=\"elementor-hcaptcha\">\t\t<input\n\t\t\t\ttype=\"hidden\"\n\t\t\t\tclass=\"hcaptcha-widget-id\"\n\t\t\t\tname=\"hcaptcha-widget-id\"\n\t\t\t\tvalue=\"eyJzb3VyY2UiOlsiZWxlbWVudG9yLXByb1wvZWxlbWVudG9yLXByby5waHAiXSwiZm9ybV9pZCI6MH0=-40fc5cdc85e3fe679d837c98c54eb589\">\n\t\t\t\t<h-captcha\n\t\t\tclass=\"h-captcha\"\n\t\t\tdata-sitekey=\"11706128-75fa-457c-8a9e-0a42efc49aea\"\n\t\t\tdata-theme=\"light\"\n\t\t\tdata-size=\"normal\"\n\t\t\tdata-auto=\"false\"\n\t\t\tdata-ajax=\"false\"\n\t\t\tdata-force=\"true\">\n\t\t<\/h-captcha>\n\t\t<\/div><\/div>\t\t\t\t<\/div>\n\t\t\t\t\t\t\t\t<div class=\"elementor-field-group elementor-column elementor-field-type-submit elementor-col-100 e-form__buttons\">\n\t\t\t\t\t<button class=\"elementor-button elementor-size-md\" type=\"submit\">\n\t\t\t\t\t\t<span class=\"elementor-button-content-wrapper\">\n\t\t\t\t\t\t\t\t\t\t\t\t\t\t\t\t\t\t\t\t\t\t<span class=\"elementor-button-text\">Submit inquiry<\/span>\n\t\t\t\t\t\t\t\t\t\t\t\t\t<\/span>\n\t\t\t\t\t<\/button>\n\t\t\t\t<\/div>\n\t\t\t<\/div>\n\t\t<\/form>\n\t\t\t\t\t\t<\/div>\n\t\t\t\t<\/div>\n\t\t\t\t<div class=\"elementor-element elementor-element-c3bb819 elementor-widget elementor-widget-text-editor\" data-id=\"c3bb819\" data-element_type=\"widget\" data-e-type=\"widget\" data-widget_type=\"text-editor.default\">\n\t\t\t\t<div class=\"elementor-widget-container\">\n\t\t\t\t\t\t\t\t\t<p>By submitting your inquiry, you agree to the processing of your data in accordance with our privacy policy.<\/p><p>We review every inquiry carefully and will get back to you shortly. We review every inquiry carefully and will get back to you shortly.<\/p><p>Or contact us directly:<br><a href=\"mailto:info@troponoova.com\">info@troponoova.com<\/a><\/p>\t\t\t\t\t\t\t\t<\/div>\n\t\t\t\t<\/div>\n\t\t\t\t\t<\/div>\n\t\t\t\t<\/div>\n\t\t\t\t<\/div>\n\t\t","protected":false},"excerpt":{"rendered":"<p>We welcome inquiries for brand identities, websites and premium projects. Please provide a few brief details. We will get back to you shortly to discuss the next steps.<\/p>\n","protected":false},"author":4,"featured_media":0,"parent":0,"menu_order":0,"comment_status":"closed","ping_status":"closed","template":"","meta":{"footnotes":""},"class_list":["post-3872","page","type-page","status-publish","hentry"],"yoast_head":"<!-- This site is optimized with the Yoast SEO Premium plugin v26.3 (Yoast SEO v27.4) - https:\/\/yoast.com\/product\/yoast-seo-premium-wordpress\/ -->\n<title>Project Inquiry \u2013 Branding &amp; Web Design | TropoNoova Munich<\/title>\n<meta name=\"description\" content=\"Project inquiry for branding, web design and digital projects. Share a few details \u2014 we will get back to you shortly.\" \/>\n<meta name=\"robots\" content=\"index, follow, max-snippet:-1, max-image-preview:large, max-video-preview:-1\" \/>\n<link rel=\"canonical\" href=\"https:\/\/troponoova.com\/en\/project-inquiry\/\" \/>\n<meta property=\"og:locale\" content=\"en_US\" \/>\n<meta property=\"og:type\" content=\"article\" \/>\n<meta property=\"og:title\" content=\"Project inquiry\" \/>\n<meta property=\"og:description\" content=\"Project inquiry for branding, web design and digital projects. Share a few details \u2014 we will get back to you shortly.\" \/>\n<meta property=\"og:url\" content=\"https:\/\/troponoova.com\/en\/project-inquiry\/\" \/>\n<meta property=\"og:site_name\" content=\"TropoNoova Branding &amp; Webdesign M\u00fcnchen\" \/>\n<meta property=\"article:modified_time\" content=\"2026-04-16T11:35:01+00:00\" \/>\n<meta property=\"og:image\" content=\"https:\/\/troponoova.com\/wp-content\/uploads\/2025\/11\/L1010131.webp\" \/>\n\t<meta property=\"og:image:width\" content=\"1600\" \/>\n\t<meta property=\"og:image:height\" content=\"1065\" \/>\n\t<meta property=\"og:image:type\" content=\"image\/webp\" \/>\n<meta name=\"twitter:card\" content=\"summary_large_image\" \/>\n<script type=\"application\/ld+json\" class=\"yoast-schema-graph\">{\"@context\":\"https:\\\/\\\/schema.org\",\"@graph\":[{\"@type\":\"WebPage\",\"@id\":\"https:\\\/\\\/troponoova.com\\\/en\\\/project-inquiry\\\/\",\"url\":\"https:\\\/\\\/troponoova.com\\\/en\\\/project-inquiry\\\/\",\"name\":\"Project Inquiry \u2013 Branding & Web Design | TropoNoova Munich\",\"isPartOf\":{\"@id\":\"https:\\\/\\\/troponoova.com\\\/en\\\/#website\"},\"datePublished\":\"2025-10-23T09:42:28+00:00\",\"dateModified\":\"2026-04-16T11:35:01+00:00\",\"description\":\"Project inquiry for branding, web design and digital projects. Share a few details \u2014 we will get back to you shortly.\",\"breadcrumb\":{\"@id\":\"https:\\\/\\\/troponoova.com\\\/en\\\/project-inquiry\\\/#breadcrumb\"},\"inLanguage\":\"en-US\",\"potentialAction\":[{\"@type\":\"ReadAction\",\"target\":[\"https:\\\/\\\/troponoova.com\\\/en\\\/project-inquiry\\\/\"]}]},{\"@type\":\"BreadcrumbList\",\"@id\":\"https:\\\/\\\/troponoova.com\\\/en\\\/project-inquiry\\\/#breadcrumb\",\"itemListElement\":[{\"@type\":\"ListItem\",\"position\":1,\"name\":\"Startseite\",\"item\":\"https:\\\/\\\/troponoova.com\\\/en\\\/troponoova-gmbh\\\/\"},{\"@type\":\"ListItem\",\"position\":2,\"name\":\"Project inquiry\"}]},{\"@type\":\"WebSite\",\"@id\":\"https:\\\/\\\/troponoova.com\\\/en\\\/#website\",\"url\":\"https:\\\/\\\/troponoova.com\\\/en\\\/\",\"name\":\"TropoNoova \u2013 Branding Agentur M\u00fcnchen f\u00fcr klare Marken\",\"description\":\"Branding Agentur M\u00fcnchen f\u00fcr klare Marken\",\"publisher\":{\"@id\":\"https:\\\/\\\/troponoova.com\\\/en\\\/#organization\"},\"alternateName\":\"TropoNoova \u2013 Branding Agentur M\u00fcnchen f\u00fcr klare Marken\",\"potentialAction\":[{\"@type\":\"SearchAction\",\"target\":{\"@type\":\"EntryPoint\",\"urlTemplate\":\"https:\\\/\\\/troponoova.com\\\/en\\\/?s={search_term_string}\"},\"query-input\":{\"@type\":\"PropertyValueSpecification\",\"valueRequired\":true,\"valueName\":\"search_term_string\"}}],\"inLanguage\":\"en-US\"},{\"@type\":\"Organization\",\"@id\":\"https:\\\/\\\/troponoova.com\\\/en\\\/#organization\",\"name\":\"TropoNoova GmbH\",\"alternateName\":\"TropoNoova\",\"url\":\"https:\\\/\\\/troponoova.com\\\/en\\\/\",\"logo\":{\"@type\":\"ImageObject\",\"inLanguage\":\"en-US\",\"@id\":\"https:\\\/\\\/troponoova.com\\\/en\\\/#\\\/schema\\\/logo\\\/image\\\/\",\"url\":\"\",\"contentUrl\":\"\",\"caption\":\"TropoNoova GmbH\"},\"image\":{\"@id\":\"https:\\\/\\\/troponoova.com\\\/en\\\/#\\\/schema\\\/logo\\\/image\\\/\"},\"description\":\"TropoNoova ist eine Boutique-Agentur in M\u00fcnchen f\u00fcr klare Marken, digitales Design und reduzierte \u00e4sthetische Systeme.\",\"email\":\"info@troponoova.com\",\"telephone\":\"+498938859700\",\"legalName\":\"TropoNoova GmbH\",\"numberOfEmployees\":{\"@type\":\"QuantitativeValue\",\"minValue\":\"1\",\"maxValue\":\"10\"}}]}<\/script>\n<!-- \/ Yoast SEO Premium plugin. -->","yoast_head_json":{"title":"Project Inquiry \u2013 Branding & Web Design | TropoNoova Munich","description":"Project inquiry for branding, web design and digital projects. Share a few details \u2014 we will get back to you shortly.","robots":{"index":"index","follow":"follow","max-snippet":"max-snippet:-1","max-image-preview":"max-image-preview:large","max-video-preview":"max-video-preview:-1"},"canonical":"https:\/\/troponoova.com\/en\/project-inquiry\/","og_locale":"en_US","og_type":"article","og_title":"Project inquiry","og_description":"Project inquiry for branding, web design and digital projects. Share a few details \u2014 we will get back to you shortly.","og_url":"https:\/\/troponoova.com\/en\/project-inquiry\/","og_site_name":"TropoNoova Branding &amp; Webdesign M\u00fcnchen","article_modified_time":"2026-04-16T11:35:01+00:00","og_image":[{"width":1600,"height":1065,"url":"https:\/\/troponoova.com\/wp-content\/uploads\/2025\/11\/L1010131.webp","type":"image\/webp"}],"twitter_card":"summary_large_image","schema":{"@context":"https:\/\/schema.org","@graph":[{"@type":"WebPage","@id":"https:\/\/troponoova.com\/en\/project-inquiry\/","url":"https:\/\/troponoova.com\/en\/project-inquiry\/","name":"Project Inquiry \u2013 Branding & Web Design | TropoNoova Munich","isPartOf":{"@id":"https:\/\/troponoova.com\/en\/#website"},"datePublished":"2025-10-23T09:42:28+00:00","dateModified":"2026-04-16T11:35:01+00:00","description":"Project inquiry for branding, web design and digital projects. Share a few details \u2014 we will get back to you shortly.","breadcrumb":{"@id":"https:\/\/troponoova.com\/en\/project-inquiry\/#breadcrumb"},"inLanguage":"en-US","potentialAction":[{"@type":"ReadAction","target":["https:\/\/troponoova.com\/en\/project-inquiry\/"]}]},{"@type":"BreadcrumbList","@id":"https:\/\/troponoova.com\/en\/project-inquiry\/#breadcrumb","itemListElement":[{"@type":"ListItem","position":1,"name":"Startseite","item":"https:\/\/troponoova.com\/en\/troponoova-gmbh\/"},{"@type":"ListItem","position":2,"name":"Project inquiry"}]},{"@type":"WebSite","@id":"https:\/\/troponoova.com\/en\/#website","url":"https:\/\/troponoova.com\/en\/","name":"TropoNoova \u2013 Branding Agentur M\u00fcnchen f\u00fcr klare Marken","description":"Branding Agentur M\u00fcnchen f\u00fcr klare Marken","publisher":{"@id":"https:\/\/troponoova.com\/en\/#organization"},"alternateName":"TropoNoova \u2013 Branding Agentur M\u00fcnchen f\u00fcr klare Marken","potentialAction":[{"@type":"SearchAction","target":{"@type":"EntryPoint","urlTemplate":"https:\/\/troponoova.com\/en\/?s={search_term_string}"},"query-input":{"@type":"PropertyValueSpecification","valueRequired":true,"valueName":"search_term_string"}}],"inLanguage":"en-US"},{"@type":"Organization","@id":"https:\/\/troponoova.com\/en\/#organization","name":"TropoNoova GmbH","alternateName":"TropoNoova","url":"https:\/\/troponoova.com\/en\/","logo":{"@type":"ImageObject","inLanguage":"en-US","@id":"https:\/\/troponoova.com\/en\/#\/schema\/logo\/image\/","url":"","contentUrl":"","caption":"TropoNoova GmbH"},"image":{"@id":"https:\/\/troponoova.com\/en\/#\/schema\/logo\/image\/"},"description":"TropoNoova ist eine Boutique-Agentur in M\u00fcnchen f\u00fcr klare Marken, digitales Design und reduzierte \u00e4sthetische Systeme.","email":"info@troponoova.com","telephone":"+498938859700","legalName":"TropoNoova GmbH","numberOfEmployees":{"@type":"QuantitativeValue","minValue":"1","maxValue":"10"}}]}},"_links":{"self":[{"href":"https:\/\/troponoova.com\/en\/wp-json\/wp\/v2\/pages\/3872","targetHints":{"allow":["GET"]}}],"collection":[{"href":"https:\/\/troponoova.com\/en\/wp-json\/wp\/v2\/pages"}],"about":[{"href":"https:\/\/troponoova.com\/en\/wp-json\/wp\/v2\/types\/page"}],"author":[{"embeddable":true,"href":"https:\/\/troponoova.com\/en\/wp-json\/wp\/v2\/users\/4"}],"replies":[{"embeddable":true,"href":"https:\/\/troponoova.com\/en\/wp-json\/wp\/v2\/comments?post=3872"}],"version-history":[{"count":3,"href":"https:\/\/troponoova.com\/en\/wp-json\/wp\/v2\/pages\/3872\/revisions"}],"predecessor-version":[{"id":3885,"href":"https:\/\/troponoova.com\/en\/wp-json\/wp\/v2\/pages\/3872\/revisions\/3885"}],"wp:attachment":[{"href":"https:\/\/troponoova.com\/en\/wp-json\/wp\/v2\/media?parent=3872"}],"curies":[{"name":"wp","href":"https:\/\/api.w.org\/{rel}","templated":true}]}}