{"id":3910,"date":"2025-10-23T12:14:45","date_gmt":"2025-10-23T10:14:45","guid":{"rendered":"https:\/\/troponoova.com\/imprint\/"},"modified":"2026-04-16T14:15:19","modified_gmt":"2026-04-16T12:15:19","slug":"imprint","status":"publish","type":"page","link":"https:\/\/troponoova.com\/en\/imprint\/","title":{"rendered":"Imprint"},"content":{"rendered":"\t\t<div data-elementor-type=\"wp-page\" data-elementor-id=\"3910\" class=\"elementor elementor-3910 elementor-2015\" data-elementor-post-type=\"page\">\n\t\t\t\t<div class=\"elementor-element elementor-element-992fbad e-flex e-con-boxed elementor-invisible e-con e-parent\" data-id=\"992fbad\" data-element_type=\"container\" data-e-type=\"container\" data-settings=\"{&quot;animation&quot;:&quot;fadeInUp&quot;}\">\n\t\t\t\t\t<div class=\"e-con-inner\">\n\t\t\t\t<div class=\"elementor-element elementor-element-e73c21c elementor-widget elementor-widget-heading\" data-id=\"e73c21c\" data-element_type=\"widget\" data-e-type=\"widget\" data-widget_type=\"heading.default\">\n\t\t\t\t<div class=\"elementor-widget-container\">\n\t\t\t\t\t<h1 class=\"elementor-heading-title elementor-size-default\">Imprint<\/h1>\t\t\t\t<\/div>\n\t\t\t\t<\/div>\n\t\t\t\t<div class=\"elementor-element elementor-element-3b8ce5f5 elementor-widget elementor-widget-text-editor\" data-id=\"3b8ce5f5\" data-element_type=\"widget\" data-e-type=\"widget\" data-widget_type=\"text-editor.default\">\n\t\t\t\t<div class=\"elementor-widget-container\">\n\t\t\t\t\t\t\t\t\t<p><strong>TropoNoova GmbH<\/strong><br>Kaiserstra\u00dfe 56<br>80801 Munich<br>Germany<\/p><p>Phone: +49 89 38859700<br>Email: <a href=\"mailto:info@troponoova.com\">info@troponoova.com<\/a><br>Website: <a href=\"https:\/\/troponoova.com\/en\/\">https:\/\/troponoova.com<\/a><\/p><p><strong>Managing Director:<\/strong><br>Martin Wurzer<\/p><p><strong>Commercial Register:<\/strong><br>Entered in the commercial register.<br>Registration Court: Munich Local Court (Amtsgericht M\u00fcnchen)<br>Registration Number: HRB 227757<\/p><p><strong>Responsible for content according to \u00a7 18 Para. 2 MStV:<\/strong><br>Martin Wurzer<\/p><p><strong>VAT identification number according to \u00a7 27 a German VAT Act:<\/strong><br>DE308565403<\/p>\t\t\t\t\t\t\t\t<\/div>\n\t\t\t\t<\/div>\n\t\t\t\t\t<\/div>\n\t\t\t\t<\/div>\n\t\t\t\t<\/div>\n\t\t","protected":false},"excerpt":{"rendered":"<p>Imprint TropoNoova GmbHKaiserstra\u00dfe 5680801 MunichGermany Phone: +49 89 38859700Email: info@troponoova.comWebsite: https:\/\/troponoova.com Managing Director:Martin Wurzer Commercial Register:Entered in the commercial register.Registration Court: Munich Local Court (Amtsgericht M\u00fcnchen)Registration Number: HRB 227757 Responsible for content according to \u00a7 18 Para. 2 MStV:Martin Wurzer VAT identification number according to \u00a7 27 a German VAT Act:DE308565403<\/p>\n","protected":false},"author":4,"featured_media":0,"parent":0,"menu_order":0,"comment_status":"closed","ping_status":"closed","template":"","meta":{"footnotes":""},"class_list":["post-3910","page","type-page","status-publish","hentry"],"yoast_head":"<!-- This site is optimized with the Yoast SEO Premium plugin v26.3 (Yoast SEO v27.5) - https:\/\/yoast.com\/product\/yoast-seo-premium-wordpress\/ -->\n<title>Imprint | TropoNoova Branding &amp; Webdesign M\u00fcnchen<\/title>\n<meta name=\"robots\" content=\"index, follow, max-snippet:-1, max-image-preview:large, max-video-preview:-1\" \/>\n<link rel=\"canonical\" href=\"https:\/\/troponoova.com\/en\/imprint\/\" \/>\n<meta property=\"og:locale\" content=\"en_US\" \/>\n<meta property=\"og:type\" content=\"article\" \/>\n<meta property=\"og:title\" content=\"Imprint\" \/>\n<meta property=\"og:description\" content=\"Imprint TropoNoova GmbHKaiserstra\u00dfe 5680801 MunichGermany Phone: +49 89 38859700Email: info@troponoova.comWebsite: https:\/\/troponoova.com Managing Director:Martin Wurzer Commercial Register:Entered in the commercial register.Registration Court: Munich Local Court (Amtsgericht M\u00fcnchen)Registration Number: HRB 227757 Responsible for content according to \u00a7 18 Para. 2 MStV:Martin Wurzer VAT identification number according to \u00a7 27 a German VAT Act:DE308565403\" \/>\n<meta property=\"og:url\" content=\"https:\/\/troponoova.com\/en\/imprint\/\" \/>\n<meta property=\"og:site_name\" content=\"TropoNoova Branding &amp; Webdesign M\u00fcnchen\" \/>\n<meta property=\"article:modified_time\" content=\"2026-04-16T12:15:19+00:00\" \/>\n<meta property=\"og:image\" content=\"https:\/\/troponoova.com\/wp-content\/uploads\/2025\/11\/L1010131.webp\" \/>\n\t<meta property=\"og:image:width\" content=\"1600\" \/>\n\t<meta property=\"og:image:height\" content=\"1065\" \/>\n\t<meta property=\"og:image:type\" content=\"image\/webp\" \/>\n<meta name=\"twitter:card\" content=\"summary_large_image\" \/>\n<script type=\"application\/ld+json\" class=\"yoast-schema-graph\">{\"@context\":\"https:\\\/\\\/schema.org\",\"@graph\":[{\"@type\":\"WebPage\",\"@id\":\"https:\\\/\\\/troponoova.com\\\/en\\\/imprint\\\/\",\"url\":\"https:\\\/\\\/troponoova.com\\\/en\\\/imprint\\\/\",\"name\":\"Imprint | TropoNoova Branding &amp; Webdesign M\u00fcnchen\",\"isPartOf\":{\"@id\":\"https:\\\/\\\/troponoova.com\\\/en\\\/#website\"},\"datePublished\":\"2025-10-23T10:14:45+00:00\",\"dateModified\":\"2026-04-16T12:15:19+00:00\",\"breadcrumb\":{\"@id\":\"https:\\\/\\\/troponoova.com\\\/en\\\/imprint\\\/#breadcrumb\"},\"inLanguage\":\"en-US\",\"potentialAction\":[{\"@type\":\"ReadAction\",\"target\":[\"https:\\\/\\\/troponoova.com\\\/en\\\/imprint\\\/\"]}]},{\"@type\":\"BreadcrumbList\",\"@id\":\"https:\\\/\\\/troponoova.com\\\/en\\\/imprint\\\/#breadcrumb\",\"itemListElement\":[{\"@type\":\"ListItem\",\"position\":1,\"name\":\"Startseite\",\"item\":\"https:\\\/\\\/troponoova.com\\\/en\\\/troponoova-gmbh\\\/\"},{\"@type\":\"ListItem\",\"position\":2,\"name\":\"Imprint\"}]},{\"@type\":\"WebSite\",\"@id\":\"https:\\\/\\\/troponoova.com\\\/en\\\/#website\",\"url\":\"https:\\\/\\\/troponoova.com\\\/en\\\/\",\"name\":\"TropoNoova \u2013 Branding Agentur M\u00fcnchen f\u00fcr klare Marken\",\"description\":\"Branding Agentur M\u00fcnchen f\u00fcr klare Marken\",\"publisher\":{\"@id\":\"https:\\\/\\\/troponoova.com\\\/en\\\/#organization\"},\"alternateName\":\"TropoNoova \u2013 Branding Agentur M\u00fcnchen f\u00fcr klare Marken\",\"potentialAction\":[{\"@type\":\"SearchAction\",\"target\":{\"@type\":\"EntryPoint\",\"urlTemplate\":\"https:\\\/\\\/troponoova.com\\\/en\\\/?s={search_term_string}\"},\"query-input\":{\"@type\":\"PropertyValueSpecification\",\"valueRequired\":true,\"valueName\":\"search_term_string\"}}],\"inLanguage\":\"en-US\"},{\"@type\":\"Organization\",\"@id\":\"https:\\\/\\\/troponoova.com\\\/en\\\/#organization\",\"name\":\"TropoNoova GmbH\",\"alternateName\":\"TropoNoova\",\"url\":\"https:\\\/\\\/troponoova.com\\\/en\\\/\",\"logo\":{\"@type\":\"ImageObject\",\"inLanguage\":\"en-US\",\"@id\":\"https:\\\/\\\/troponoova.com\\\/en\\\/#\\\/schema\\\/logo\\\/image\\\/\",\"url\":\"\",\"contentUrl\":\"\",\"caption\":\"TropoNoova GmbH\"},\"image\":{\"@id\":\"https:\\\/\\\/troponoova.com\\\/en\\\/#\\\/schema\\\/logo\\\/image\\\/\"},\"description\":\"TropoNoova ist eine Boutique-Agentur in M\u00fcnchen f\u00fcr klare Marken, digitales Design und reduzierte \u00e4sthetische Systeme.\",\"email\":\"info@troponoova.com\",\"telephone\":\"+498938859700\",\"legalName\":\"TropoNoova GmbH\",\"numberOfEmployees\":{\"@type\":\"QuantitativeValue\",\"minValue\":\"1\",\"maxValue\":\"10\"}}]}<\/script>\n<!-- \/ Yoast SEO Premium plugin. -->","yoast_head_json":{"title":"Imprint | TropoNoova Branding &amp; Webdesign M\u00fcnchen","robots":{"index":"index","follow":"follow","max-snippet":"max-snippet:-1","max-image-preview":"max-image-preview:large","max-video-preview":"max-video-preview:-1"},"canonical":"https:\/\/troponoova.com\/en\/imprint\/","og_locale":"en_US","og_type":"article","og_title":"Imprint","og_description":"Imprint TropoNoova GmbHKaiserstra\u00dfe 5680801 MunichGermany Phone: +49 89 38859700Email: info@troponoova.comWebsite: https:\/\/troponoova.com Managing Director:Martin Wurzer Commercial Register:Entered in the commercial register.Registration Court: Munich Local Court (Amtsgericht M\u00fcnchen)Registration Number: HRB 227757 Responsible for content according to \u00a7 18 Para. 2 MStV:Martin Wurzer VAT identification number according to \u00a7 27 a German VAT Act:DE308565403","og_url":"https:\/\/troponoova.com\/en\/imprint\/","og_site_name":"TropoNoova Branding &amp; Webdesign M\u00fcnchen","article_modified_time":"2026-04-16T12:15:19+00:00","og_image":[{"width":1600,"height":1065,"url":"https:\/\/troponoova.com\/wp-content\/uploads\/2025\/11\/L1010131.webp","type":"image\/webp"}],"twitter_card":"summary_large_image","schema":{"@context":"https:\/\/schema.org","@graph":[{"@type":"WebPage","@id":"https:\/\/troponoova.com\/en\/imprint\/","url":"https:\/\/troponoova.com\/en\/imprint\/","name":"Imprint | TropoNoova Branding &amp; Webdesign M\u00fcnchen","isPartOf":{"@id":"https:\/\/troponoova.com\/en\/#website"},"datePublished":"2025-10-23T10:14:45+00:00","dateModified":"2026-04-16T12:15:19+00:00","breadcrumb":{"@id":"https:\/\/troponoova.com\/en\/imprint\/#breadcrumb"},"inLanguage":"en-US","potentialAction":[{"@type":"ReadAction","target":["https:\/\/troponoova.com\/en\/imprint\/"]}]},{"@type":"BreadcrumbList","@id":"https:\/\/troponoova.com\/en\/imprint\/#breadcrumb","itemListElement":[{"@type":"ListItem","position":1,"name":"Startseite","item":"https:\/\/troponoova.com\/en\/troponoova-gmbh\/"},{"@type":"ListItem","position":2,"name":"Imprint"}]},{"@type":"WebSite","@id":"https:\/\/troponoova.com\/en\/#website","url":"https:\/\/troponoova.com\/en\/","name":"TropoNoova \u2013 Branding Agentur M\u00fcnchen f\u00fcr klare Marken","description":"Branding Agentur M\u00fcnchen f\u00fcr klare Marken","publisher":{"@id":"https:\/\/troponoova.com\/en\/#organization"},"alternateName":"TropoNoova \u2013 Branding Agentur M\u00fcnchen f\u00fcr klare Marken","potentialAction":[{"@type":"SearchAction","target":{"@type":"EntryPoint","urlTemplate":"https:\/\/troponoova.com\/en\/?s={search_term_string}"},"query-input":{"@type":"PropertyValueSpecification","valueRequired":true,"valueName":"search_term_string"}}],"inLanguage":"en-US"},{"@type":"Organization","@id":"https:\/\/troponoova.com\/en\/#organization","name":"TropoNoova GmbH","alternateName":"TropoNoova","url":"https:\/\/troponoova.com\/en\/","logo":{"@type":"ImageObject","inLanguage":"en-US","@id":"https:\/\/troponoova.com\/en\/#\/schema\/logo\/image\/","url":"","contentUrl":"","caption":"TropoNoova GmbH"},"image":{"@id":"https:\/\/troponoova.com\/en\/#\/schema\/logo\/image\/"},"description":"TropoNoova ist eine Boutique-Agentur in M\u00fcnchen f\u00fcr klare Marken, digitales Design und reduzierte \u00e4sthetische Systeme.","email":"info@troponoova.com","telephone":"+498938859700","legalName":"TropoNoova GmbH","numberOfEmployees":{"@type":"QuantitativeValue","minValue":"1","maxValue":"10"}}]}},"_links":{"self":[{"href":"https:\/\/troponoova.com\/en\/wp-json\/wp\/v2\/pages\/3910","targetHints":{"allow":["GET"]}}],"collection":[{"href":"https:\/\/troponoova.com\/en\/wp-json\/wp\/v2\/pages"}],"about":[{"href":"https:\/\/troponoova.com\/en\/wp-json\/wp\/v2\/types\/page"}],"author":[{"embeddable":true,"href":"https:\/\/troponoova.com\/en\/wp-json\/wp\/v2\/users\/4"}],"replies":[{"embeddable":true,"href":"https:\/\/troponoova.com\/en\/wp-json\/wp\/v2\/comments?post=3910"}],"version-history":[{"count":1,"href":"https:\/\/troponoova.com\/en\/wp-json\/wp\/v2\/pages\/3910\/revisions"}],"predecessor-version":[{"id":3911,"href":"https:\/\/troponoova.com\/en\/wp-json\/wp\/v2\/pages\/3910\/revisions\/3911"}],"wp:attachment":[{"href":"https:\/\/troponoova.com\/en\/wp-json\/wp\/v2\/media?parent=3910"}],"curies":[{"name":"wp","href":"https:\/\/api.w.org\/{rel}","templated":true}]}}